{"id":1404,"date":"2021-11-16T07:33:32","date_gmt":"2021-11-16T07:33:32","guid":{"rendered":"https:\/\/www.humanenergycorp.com\/?page_id=1404"},"modified":"2021-11-17T19:26:54","modified_gmt":"2021-11-17T19:26:54","slug":"sla-support","status":"publish","type":"page","link":"https:\/\/www.humanenergycorp.com\/es\/sla-support\/","title":{"rendered":"Soporte de SLA"},"content":{"rendered":"<div data-elementor-type=\"wp-page\" data-elementor-id=\"1404\" class=\"elementor elementor-1404\" data-elementor-post-type=\"page\">\n\t\t\t\t\t\t<section class=\"elementor-section elementor-top-section elementor-element elementor-element-1d13292 elementor-section-height-min-height elementor-section-boxed elementor-section-height-default elementor-section-items-middle\" data-id=\"1d13292\" data-element_type=\"section\" data-settings=\"{&quot;background_background&quot;:&quot;classic&quot;}\">\n\t\t\t\t\t\t<div class=\"elementor-container elementor-column-gap-default\">\n\t\t\t\t\t<div class=\"elementor-column elementor-col-100 elementor-top-column elementor-element elementor-element-f954bb1\" data-id=\"f954bb1\" data-element_type=\"column\">\n\t\t\t<div class=\"elementor-widget-wrap elementor-element-populated\">\n\t\t\t\t\t\t<div class=\"elementor-element elementor-element-22aa398 elementor-widget elementor-widget-heading\" data-id=\"22aa398\" data-element_type=\"widget\" data-widget_type=\"heading.default\">\n\t\t\t\t<div class=\"elementor-widget-container\">\n\t\t\t\t\t<h1 class=\"elementor-heading-title elementor-size-default\">Servicios de soporte de SLA (soporte de TI)<\/h1>\t\t\t\t<\/div>\n\t\t\t\t<\/div>\n\t\t\t\t\t<\/div>\n\t\t<\/div>\n\t\t\t\t\t<\/div>\n\t\t<\/section>\n\t\t\t\t<section class=\"elementor-section elementor-top-section elementor-element elementor-element-34a9b77 elementor-section-height-min-height elementor-section-boxed elementor-section-height-default elementor-section-items-middle\" data-id=\"34a9b77\" data-element_type=\"section\">\n\t\t\t\t\t\t<div class=\"elementor-container elementor-column-gap-default\">\n\t\t\t\t\t<div class=\"elementor-column elementor-col-100 elementor-top-column elementor-element elementor-element-80836eb\" data-id=\"80836eb\" data-element_type=\"column\">\n\t\t\t<div class=\"elementor-widget-wrap elementor-element-populated\">\n\t\t\t\t\t\t<div class=\"elementor-element elementor-element-30eb530 elementor-widget elementor-widget-heading\" data-id=\"30eb530\" data-element_type=\"widget\" data-widget_type=\"heading.default\">\n\t\t\t\t<div class=\"elementor-widget-container\">\n\t\t\t\t\t<h3 class=\"elementor-heading-title elementor-size-default\">Los servicios de soporte de TI est\u00e1n personalizados para satisfacer las demandas de su empresa. Nuestros profesionales de soporte de TI alinean la arquitectura de la red y la comunicaci\u00f3n de un extremo a otro para garantizar que su empresa obtenga las mejores soluciones de TI dise\u00f1adas por expertos en tecnolog\u00eda certificados.<\/h3>\t\t\t\t<\/div>\n\t\t\t\t<\/div>\n\t\t\t\t\t<\/div>\n\t\t<\/div>\n\t\t\t\t\t<\/div>\n\t\t<\/section>\n\t\t\t\t<section class=\"elementor-section elementor-top-section elementor-element elementor-element-083e40e elementor-section-stretched elementor-section-boxed elementor-section-height-default elementor-section-height-default\" data-id=\"083e40e\" data-element_type=\"section\" data-settings=\"{&quot;stretch_section&quot;:&quot;section-stretched&quot;,&quot;background_background&quot;:&quot;classic&quot;}\">\n\t\t\t\t\t\t\t<div class=\"elementor-background-overlay\"><\/div>\n\t\t\t\t\t\t\t<div class=\"elementor-container elementor-column-gap-default\">\n\t\t\t\t\t<div class=\"elementor-column elementor-col-100 elementor-top-column elementor-element elementor-element-0792d08\" data-id=\"0792d08\" data-element_type=\"column\">\n\t\t\t<div class=\"elementor-widget-wrap elementor-element-populated\">\n\t\t\t\t\t\t<section class=\"elementor-section elementor-inner-section elementor-element elementor-element-eb27b9f elementor-section-boxed elementor-section-height-default elementor-section-height-default\" data-id=\"eb27b9f\" data-element_type=\"section\">\n\t\t\t\t\t\t<div class=\"elementor-container elementor-column-gap-extended\">\n\t\t\t\t\t<div class=\"elementor-column elementor-col-50 elementor-inner-column elementor-element elementor-element-06704d1\" data-id=\"06704d1\" data-element_type=\"column\">\n\t\t\t<div class=\"elementor-widget-wrap elementor-element-populated\">\n\t\t\t\t\t\t<div class=\"elementor-element elementor-element-0df35aa elementor-position-left elementor-view-default elementor-mobile-position-top elementor-invisible elementor-widget elementor-widget-icon-box\" data-id=\"0df35aa\" data-element_type=\"widget\" data-settings=\"{&quot;_animation&quot;:&quot;fadeInRight&quot;}\" data-widget_type=\"icon-box.default\">\n\t\t\t\t<div class=\"elementor-widget-container\">\n\t\t\t\t\t\t\t<div class=\"elementor-icon-box-wrapper\">\n\n\t\t\t\t\t\t<div class=\"elementor-icon-box-icon\">\n\t\t\t\t<span  class=\"elementor-icon\">\n\t\t\t\t<i aria-hidden=\"true\" class=\"icon icon-help-desk\"><\/i>\t\t\t\t<\/span>\n\t\t\t<\/div>\n\t\t\t\n\t\t\t\t\t\t<div class=\"elementor-icon-box-content\">\n\n\t\t\t\t\t\t\t\t\t<h5 class=\"elementor-icon-box-title\">\n\t\t\t\t\t\t<span  >\n\t\t\t\t\t\t\tGesti\u00f3n de la Infraestructura de TI 24\/7\t\t\t\t\t\t<\/span>\n\t\t\t\t\t<\/h5>\n\t\t\t\t\n\t\t\t\t\t\t\t\t\t<p class=\"elementor-icon-box-description\">\n\t\t\t\t\t\tNuestros desarrolladores brindan servicios de mesa de ayuda de TI que permiten la construcci\u00f3n y administraci\u00f3n de infraestructuras de mesa de ayuda en el sitio y remotas. Proporcionamos un \u00fanico punto de contacto para la comunidad de usuarios de su empresa las 24 horas del d\u00eda, los 7 d\u00edas de la semana para resolver cualquier solicitud t\u00e9cnica, problema, servicio y otras inquietudes de TI.\t\t\t\t\t<\/p>\n\t\t\t\t\n\t\t\t<\/div>\n\t\t\t\n\t\t<\/div>\n\t\t\t\t\t\t<\/div>\n\t\t\t\t<\/div>\n\t\t\t\t<div class=\"elementor-element elementor-element-4704d70 elementor-widget elementor-widget-image\" data-id=\"4704d70\" data-element_type=\"widget\" data-widget_type=\"image.default\">\n\t\t\t\t<div class=\"elementor-widget-container\">\n\t\t\t\t\t\t\t\t\t\t\t\t\t\t\t<img fetchpriority=\"high\" decoding=\"async\" width=\"750\" height=\"500\" src=\"https:\/\/www.humanenergycorp.com\/wp-content\/uploads\/2021\/11\/it-support-operator-answering-question-using-headset-768x512.jpg\" class=\"elementor-animation-bob attachment-medium_large size-medium_large wp-image-1054\" alt=\"IT support operator answering question using headset\" srcset=\"https:\/\/www.humanenergycorp.com\/wp-content\/uploads\/2021\/11\/it-support-operator-answering-question-using-headset-768x512.jpg 768w, https:\/\/www.humanenergycorp.com\/wp-content\/uploads\/2021\/11\/it-support-operator-answering-question-using-headset-300x200.jpg 300w, https:\/\/www.humanenergycorp.com\/wp-content\/uploads\/2021\/11\/it-support-operator-answering-question-using-headset-1024x682.jpg 1024w, https:\/\/www.humanenergycorp.com\/wp-content\/uploads\/2021\/11\/it-support-operator-answering-question-using-headset-1536x1024.jpg 1536w, https:\/\/www.humanenergycorp.com\/wp-content\/uploads\/2021\/11\/it-support-operator-answering-question-using-headset-18x12.jpg 18w, https:\/\/www.humanenergycorp.com\/wp-content\/uploads\/2021\/11\/it-support-operator-answering-question-using-headset-1568x1045.jpg 1568w, https:\/\/www.humanenergycorp.com\/wp-content\/uploads\/2021\/11\/it-support-operator-answering-question-using-headset.jpg 2000w\" sizes=\"(max-width: 750px) 100vw, 750px\" style=\"width:100%;height:66.65%;max-width:2000px\" \/>\t\t\t\t\t\t\t\t\t\t\t\t\t\t\t<\/div>\n\t\t\t\t<\/div>\n\t\t\t\t\t<\/div>\n\t\t<\/div>\n\t\t\t\t<div class=\"elementor-column elementor-col-50 elementor-inner-column elementor-element elementor-element-b49f188\" data-id=\"b49f188\" data-element_type=\"column\">\n\t\t\t<div class=\"elementor-widget-wrap elementor-element-populated\">\n\t\t\t\t\t\t<div class=\"elementor-element elementor-element-e692d0b elementor-position-left elementor-view-default elementor-mobile-position-top elementor-invisible elementor-widget elementor-widget-icon-box\" data-id=\"e692d0b\" data-element_type=\"widget\" data-settings=\"{&quot;_animation&quot;:&quot;fadeInRight&quot;}\" data-widget_type=\"icon-box.default\">\n\t\t\t\t<div class=\"elementor-widget-container\">\n\t\t\t\t\t\t\t<div class=\"elementor-icon-box-wrapper\">\n\n\t\t\t\t\t\t<div class=\"elementor-icon-box-icon\">\n\t\t\t\t<span  class=\"elementor-icon\">\n\t\t\t\t<i aria-hidden=\"true\" class=\"icon icon-store\"><\/i>\t\t\t\t<\/span>\n\t\t\t<\/div>\n\t\t\t\n\t\t\t\t\t\t<div class=\"elementor-icon-box-content\">\n\n\t\t\t\t\t\t\t\t\t<h5 class=\"elementor-icon-box-title\">\n\t\t\t\t\t\t<span  >\n\t\t\t\t\t\t\tServicios de TI para empresas Peque\u00f1as y Medianas \t\t\t\t\t\t<\/span>\n\t\t\t\t\t<\/h5>\n\t\t\t\t\n\t\t\t\t\t\t\t\t\t<p class=\"elementor-icon-box-description\">\n\t\t\t\t\t\tDise\u00f1amos y administramos la infraestructura de TI para organizaciones peque\u00f1as y medianas (PYMES). Brindamos una arquitectura de comunicaci\u00f3n de extremo a extremo basada en plataformas tecnol\u00f3gicas confiables, como mensajer\u00eda basada en correo electr\u00f3nico y reuniones en vivo, que permiten la colaboraci\u00f3n y el intercambio de datos en tiempo real. Ofrecemos servicios de intranet \/ extranet, mensajer\u00eda unificada, uso compartido de documentos y videoconferencias para permitir la colaboraci\u00f3n en persona y a distancia.\t\t\t\t\t<\/p>\n\t\t\t\t\n\t\t\t<\/div>\n\t\t\t\n\t\t<\/div>\n\t\t\t\t\t\t<\/div>\n\t\t\t\t<\/div>\n\t\t\t\t<div class=\"elementor-element elementor-element-babfa89 elementor-position-left elementor-view-default elementor-mobile-position-top elementor-invisible elementor-widget elementor-widget-icon-box\" data-id=\"babfa89\" data-element_type=\"widget\" data-settings=\"{&quot;_animation&quot;:&quot;fadeInLeft&quot;}\" data-widget_type=\"icon-box.default\">\n\t\t\t\t<div class=\"elementor-widget-container\">\n\t\t\t\t\t\t\t<div class=\"elementor-icon-box-wrapper\">\n\n\t\t\t\t\t\t<div class=\"elementor-icon-box-icon\">\n\t\t\t\t<span  class=\"elementor-icon\">\n\t\t\t\t<i aria-hidden=\"true\" class=\"icon icon-consut2\"><\/i>\t\t\t\t<\/span>\n\t\t\t<\/div>\n\t\t\t\n\t\t\t\t\t\t<div class=\"elementor-icon-box-content\">\n\n\t\t\t\t\t\t\t\t\t<h5 class=\"elementor-icon-box-title\">\n\t\t\t\t\t\t<span  >\n\t\t\t\t\t\t\tServicios de Soporte de Red\t\t\t\t\t\t<\/span>\n\t\t\t\t\t<\/h5>\n\t\t\t\t\n\t\t\t\t\t\t\t\t\t<p class=\"elementor-icon-box-description\">\n\t\t\t\t\t\tBrindamos servicios de soporte de red, como dise\u00f1o de red y planificaci\u00f3n de arquitectura, auditor\u00edas de red y soporte continuo para la configuraci\u00f3n de TCP \/ IP, redes privadas virtuales (VPN), Redes de \u00e1rea de almacenamiento (SAN), integraciones de medios y LAN \/ WAN, servicios de TI administrados y administraci\u00f3n y resoluci\u00f3n de problemas de dispositivos de red como enrutadores, puertas de enlace y firewalls.\t\t\t\t\t<\/p>\n\t\t\t\t\n\t\t\t<\/div>\n\t\t\t\n\t\t<\/div>\n\t\t\t\t\t\t<\/div>\n\t\t\t\t<\/div>\n\t\t\t\t<div class=\"elementor-element elementor-element-0e5aeea elementor-position-left elementor-view-default elementor-mobile-position-top elementor-invisible elementor-widget elementor-widget-icon-box\" data-id=\"0e5aeea\" data-element_type=\"widget\" data-settings=\"{&quot;_animation&quot;:&quot;fadeInRight&quot;}\" data-widget_type=\"icon-box.default\">\n\t\t\t\t<div class=\"elementor-widget-container\">\n\t\t\t\t\t\t\t<div class=\"elementor-icon-box-wrapper\">\n\n\t\t\t\t\t\t<div class=\"elementor-icon-box-icon\">\n\t\t\t\t<span  class=\"elementor-icon\">\n\t\t\t\t<i aria-hidden=\"true\" class=\"icon icon-business\"><\/i>\t\t\t\t<\/span>\n\t\t\t<\/div>\n\t\t\t\n\t\t\t\t\t\t<div class=\"elementor-icon-box-content\">\n\n\t\t\t\t\t\t\t\t\t<h5 class=\"elementor-icon-box-title\">\n\t\t\t\t\t\t<span  >\n\t\t\t\t\t\t\tServicios de TI para Negocios \t\t\t\t\t\t<\/span>\n\t\t\t\t\t<\/h5>\n\t\t\t\t\n\t\t\t\t\t\t\t\t\t<p class=\"elementor-icon-box-description\">\n\t\t\t\t\t\tNuestras infraestructuras de TI corporativas personalizadas hacen Est\u00e1ndares de seguridad, acceso y administraci\u00f3n de usuarios diarios, as\u00ed como otros servicios de TI empresariales, m\u00e1s f\u00e1ciles de administrar. Adem\u00e1s, brindamos servicios de bases de datos, migraciones de datos a gran escala, respaldo y recuperaci\u00f3n, configuraci\u00f3n de servidores y administraci\u00f3n de redes.\t\t\t\t\t<\/p>\n\t\t\t\t\n\t\t\t<\/div>\n\t\t\t\n\t\t<\/div>\n\t\t\t\t\t\t<\/div>\n\t\t\t\t<\/div>\n\t\t\t\t\t<\/div>\n\t\t<\/div>\n\t\t\t\t\t<\/div>\n\t\t<\/section>\n\t\t\t\t\t<\/div>\n\t\t<\/div>\n\t\t\t\t\t<\/div>\n\t\t<\/section>\n\t\t\t\t<section class=\"elementor-section elementor-top-section elementor-element elementor-element-81061b9 elementor-section-stretched elementor-section-boxed elementor-section-height-default elementor-section-height-default\" data-id=\"81061b9\" data-element_type=\"section\" data-settings=\"{&quot;stretch_section&quot;:&quot;section-stretched&quot;,&quot;background_background&quot;:&quot;classic&quot;}\">\n\t\t\t\t\t\t<div class=\"elementor-container elementor-column-gap-default\">\n\t\t\t\t\t<div class=\"elementor-column elementor-col-100 elementor-top-column elementor-element elementor-element-d9fc236\" data-id=\"d9fc236\" data-element_type=\"column\">\n\t\t\t<div class=\"elementor-widget-wrap elementor-element-populated\">\n\t\t\t\t\t\t<div class=\"elementor-element elementor-element-3650fd4 elementor-widget elementor-widget-heading\" data-id=\"3650fd4\" data-element_type=\"widget\" data-widget_type=\"heading.default\">\n\t\t\t\t<div class=\"elementor-widget-container\">\n\t\t\t\t\t<h2 class=\"elementor-heading-title elementor-size-default\">Remoto y Confiable: administraci\u00f3n de SLA disponible 24\/7 (Soporte de TI)<\/h2>\t\t\t\t<\/div>\n\t\t\t\t<\/div>\n\t\t\t\t<div class=\"elementor-element elementor-element-cf2944f elementor-widget elementor-widget-text-editor\" data-id=\"cf2944f\" data-element_type=\"widget\" data-widget_type=\"text-editor.default\">\n\t\t\t\t<div class=\"elementor-widget-container\">\n\t\t\t\t\t\t\t\t\t<p>Human Energy proporciona el mejor soporte de TI para garantizar que se cumplan los Acuerdos de nivel de servicio (SLA) negociados. Garantizamos el cumplimiento de su SLA desde el tiempo de inactividad mediante la utilizaci\u00f3n de t\u00e9cnicas de mejores pr\u00e1cticas para recuperaciones r\u00e1pidas. Combinamos la experiencia de la industria con tecnolog\u00eda de vanguardia para garantizar que sus servicios SLA sean monitoreados, reportados y administrados de manera \u00f3ptima. Los clientes esperan un tiempo de actividad continuo y asistencia las 24 horas.<\/p>\t\t\t\t\t\t\t\t<\/div>\n\t\t\t\t<\/div>\n\t\t\t\t<section class=\"elementor-section elementor-inner-section elementor-element elementor-element-031e86b elementor-section-boxed elementor-section-height-default elementor-section-height-default\" data-id=\"031e86b\" data-element_type=\"section\">\n\t\t\t\t\t\t<div class=\"elementor-container elementor-column-gap-default\">\n\t\t\t\t\t<div class=\"elementor-column elementor-col-50 elementor-inner-column elementor-element elementor-element-430bd53\" data-id=\"430bd53\" data-element_type=\"column\">\n\t\t\t<div class=\"elementor-widget-wrap elementor-element-populated\">\n\t\t\t\t\t\t<div class=\"elementor-element elementor-element-d834e13 elementor-position-left elementor-view-default elementor-mobile-position-top elementor-invisible elementor-widget elementor-widget-icon-box\" data-id=\"d834e13\" data-element_type=\"widget\" data-settings=\"{&quot;_animation&quot;:&quot;fadeInLeft&quot;}\" data-widget_type=\"icon-box.default\">\n\t\t\t\t<div class=\"elementor-widget-container\">\n\t\t\t\t\t\t\t<div class=\"elementor-icon-box-wrapper\">\n\n\t\t\t\t\t\t<div class=\"elementor-icon-box-icon\">\n\t\t\t\t<span  class=\"elementor-icon\">\n\t\t\t\t<i aria-hidden=\"true\" class=\"icon icon-management\"><\/i>\t\t\t\t<\/span>\n\t\t\t<\/div>\n\t\t\t\n\t\t\t\t\t\t<div class=\"elementor-icon-box-content\">\n\n\t\t\t\t\t\t\t\t\t<h5 class=\"elementor-icon-box-title\">\n\t\t\t\t\t\t<span  >\n\t\t\t\t\t\t\tSLA de servicios de administraci\u00f3n de incidentes  \t\t\t\t\t\t<\/span>\n\t\t\t\t\t<\/h5>\n\t\t\t\t\n\t\t\t\t\t\t\t\t\t<p class=\"elementor-icon-box-description\">\n\t\t\t\t\t\tNuestros desarrolladores brindan servicios de administraci\u00f3n de incidentes que registran la informaci\u00f3n basada en incidentes recopilada durante la resoluci\u00f3n de problemas para uso futuro, automatizan el descubrimiento y la generaci\u00f3n de informes de activos de TI, y monitorean y realizan un seguimiento rendimiento t\u00e9cnico y estados de los tickets de una manera comprensible.\t\t\t\t\t<\/p>\n\t\t\t\t\n\t\t\t<\/div>\n\t\t\t\n\t\t<\/div>\n\t\t\t\t\t\t<\/div>\n\t\t\t\t<\/div>\n\t\t\t\t<div class=\"elementor-element elementor-element-8104803 elementor-position-left elementor-view-default elementor-mobile-position-top elementor-invisible elementor-widget elementor-widget-icon-box\" data-id=\"8104803\" data-element_type=\"widget\" data-settings=\"{&quot;_animation&quot;:&quot;fadeInLeft&quot;}\" data-widget_type=\"icon-box.default\">\n\t\t\t\t<div class=\"elementor-widget-container\">\n\t\t\t\t\t\t\t<div class=\"elementor-icon-box-wrapper\">\n\n\t\t\t\t\t\t<div class=\"elementor-icon-box-icon\">\n\t\t\t\t<span  class=\"elementor-icon\">\n\t\t\t\t<i aria-hidden=\"true\" class=\"icon icon-Computer\"><\/i>\t\t\t\t<\/span>\n\t\t\t<\/div>\n\t\t\t\n\t\t\t\t\t\t<div class=\"elementor-icon-box-content\">\n\n\t\t\t\t\t\t\t\t\t<h5 class=\"elementor-icon-box-title\">\n\t\t\t\t\t\t<span  >\n\t\t\t\t\t\t\tSLA de servicios de soporte de monitoreo\t\t\t\t\t\t<\/span>\n\t\t\t\t\t<\/h5>\n\t\t\t\t\n\t\t\t\t\t\t\t\t\t<p class=\"elementor-icon-box-description\">\n\t\t\t\t\t\tEste tipo de soporte incluye profesionales que brindan asistencia mundial por niveles con atenci\u00f3n las 24 horas del d\u00eda. a problemas \/ incidentes esenciales, as\u00ed como a la infraestructura de vanguardia que garantiza el cumplimiento del SLA. Debido a que nuestra soluci\u00f3n es muy escalable, es posible que se incorporen f\u00e1cilmente futuras adiciones.\t\t\t\t\t<\/p>\n\t\t\t\t\n\t\t\t<\/div>\n\t\t\t\n\t\t<\/div>\n\t\t\t\t\t\t<\/div>\n\t\t\t\t<\/div>\n\t\t\t\t\t<\/div>\n\t\t<\/div>\n\t\t\t\t<div class=\"elementor-column elementor-col-50 elementor-inner-column elementor-element elementor-element-9601999\" data-id=\"9601999\" data-element_type=\"column\">\n\t\t\t<div class=\"elementor-widget-wrap elementor-element-populated\">\n\t\t\t\t\t\t<div class=\"elementor-element elementor-element-f5f90fc elementor-position-left elementor-view-default elementor-mobile-position-top elementor-invisible elementor-widget elementor-widget-icon-box\" data-id=\"f5f90fc\" data-element_type=\"widget\" data-settings=\"{&quot;_animation&quot;:&quot;fadeInLeft&quot;}\" data-widget_type=\"icon-box.default\">\n\t\t\t\t<div class=\"elementor-widget-container\">\n\t\t\t\t\t\t\t<div class=\"elementor-icon-box-wrapper\">\n\n\t\t\t\t\t\t<div class=\"elementor-icon-box-icon\">\n\t\t\t\t<span  class=\"elementor-icon\">\n\t\t\t\t<i aria-hidden=\"true\" class=\"icon icon-customer-support\"><\/i>\t\t\t\t<\/span>\n\t\t\t<\/div>\n\t\t\t\n\t\t\t\t\t\t<div class=\"elementor-icon-box-content\">\n\n\t\t\t\t\t\t\t\t\t<h5 class=\"elementor-icon-box-title\">\n\t\t\t\t\t\t<span  >\n\t\t\t\t\t\t\tServicios para informes de SLA\t\t\t\t\t\t<\/span>\n\t\t\t\t\t<\/h5>\n\t\t\t\t\n\t\t\t\t\t\t\t\t\t<p class=\"elementor-icon-box-description\">\n\t\t\t\t\t\tEl an\u00e1lisis de la causa ra\u00edz, la gesti\u00f3n de solicitudes \/ problemas, el procesamiento y la gesti\u00f3n de incidentes, la distribuci\u00f3n de parches, la participaci\u00f3n y la resoluci\u00f3n de problemas son posibles con nuestro software completo de informes de SLA.\t\t\t\t\t<\/p>\n\t\t\t\t\n\t\t\t<\/div>\n\t\t\t\n\t\t<\/div>\n\t\t\t\t\t\t<\/div>\n\t\t\t\t<\/div>\n\t\t\t\t\t<\/div>\n\t\t<\/div>\n\t\t\t\t\t<\/div>\n\t\t<\/section>\n\t\t\t\t\t<\/div>\n\t\t<\/div>\n\t\t\t\t\t<\/div>\n\t\t<\/section>\n\t\t\t\t<section class=\"elementor-section elementor-top-section elementor-element elementor-element-dda5c9a elementor-section-height-min-height elementor-section-content-middle elementor-section-stretched elementor-section-boxed elementor-section-height-default elementor-section-items-middle\" data-id=\"dda5c9a\" data-element_type=\"section\" data-settings=\"{&quot;background_background&quot;:&quot;classic&quot;,&quot;stretch_section&quot;:&quot;section-stretched&quot;}\">\n\t\t\t\t\t\t\t<div class=\"elementor-background-overlay\"><\/div>\n\t\t\t\t\t\t\t<div class=\"elementor-container elementor-column-gap-narrow\">\n\t\t\t\t\t<div class=\"elementor-column elementor-col-66 elementor-top-column elementor-element elementor-element-4ca3b4a\" data-id=\"4ca3b4a\" data-element_type=\"column\">\n\t\t\t<div class=\"elementor-widget-wrap elementor-element-populated\">\n\t\t\t\t\t\t<div class=\"elementor-element elementor-element-ed6798f elementor-invisible elementor-widget elementor-widget-heading\" data-id=\"ed6798f\" data-element_type=\"widget\" data-settings=\"{&quot;_animation&quot;:&quot;slideInLeft&quot;}\" data-widget_type=\"heading.default\">\n\t\t\t\t<div class=\"elementor-widget-container\">\n\t\t\t\t\t<h3 class=\"elementor-heading-title elementor-size-default\">\u00a1Obtenga Servicios de Soporte SLA ahora! \u00a1Cont\u00e1ctenos!<\/h3>\t\t\t\t<\/div>\n\t\t\t\t<\/div>\n\t\t\t\t\t<\/div>\n\t\t<\/div>\n\t\t\t\t<div class=\"elementor-column elementor-col-33 elementor-top-column elementor-element elementor-element-0d5cb95\" data-id=\"0d5cb95\" data-element_type=\"column\">\n\t\t\t<div class=\"elementor-widget-wrap elementor-element-populated\">\n\t\t\t\t\t\t<div class=\"elementor-element elementor-element-12c041e elementor-align-center elementor-widget elementor-widget-button\" data-id=\"12c041e\" data-element_type=\"widget\" data-widget_type=\"button.default\">\n\t\t\t\t<div class=\"elementor-widget-container\">\n\t\t\t\t\t\t\t\t\t<div class=\"elementor-button-wrapper\">\n\t\t\t\t\t<a class=\"elementor-button elementor-button-link elementor-size-lg elementor-animation-bob\" href=\"https:\/\/www.humanenergycorp.com\/es\/contact-us\/\">\n\t\t\t\t\t\t<span class=\"elementor-button-content-wrapper\">\n\t\t\t\t\t\t<span class=\"elementor-button-icon\">\n\t\t\t\t<i aria-hidden=\"true\" class=\"fas fa-long-arrow-alt-right\"><\/i>\t\t\t<\/span>\n\t\t\t\t\t\t\t\t<\/span>\n\t\t\t\t\t<\/a>\n\t\t\t\t<\/div>\n\t\t\t\t\t\t\t\t<\/div>\n\t\t\t\t<\/div>\n\t\t\t\t\t<\/div>\n\t\t<\/div>\n\t\t\t\t\t<\/div>\n\t\t<\/section>\n\t\t\t\t<\/div>","protected":false},"excerpt":{"rendered":"<p>SLA Support Services (IT Support) IT support services are customized to meet the demands of your company. Our IT support professionals align network architecture and end-to-end communication to ensure that your business gets the best IT solutions designed by certified technology experts. Management of IT Infrastructure Help Desk- 24\/7 Our developers provide IT help desk&hellip; <a class=\"more-link\" href=\"https:\/\/www.humanenergycorp.com\/es\/sla-support\/\">Seguir leyendo <span class=\"screen-reader-text\">Soporte de SLA<\/span><\/a><\/p>","protected":false},"author":123,"featured_media":0,"parent":0,"menu_order":0,"comment_status":"closed","ping_status":"closed","template":"elementor_header_footer","meta":{"footnotes":""},"class_list":["post-1404","page","type-page","status-publish","hentry","entry"],"_links":{"self":[{"href":"https:\/\/www.humanenergycorp.com\/es\/wp-json\/wp\/v2\/pages\/1404","targetHints":{"allow":["GET"]}}],"collection":[{"href":"https:\/\/www.humanenergycorp.com\/es\/wp-json\/wp\/v2\/pages"}],"about":[{"href":"https:\/\/www.humanenergycorp.com\/es\/wp-json\/wp\/v2\/types\/page"}],"author":[{"embeddable":true,"href":"https:\/\/www.humanenergycorp.com\/es\/wp-json\/wp\/v2\/users\/123"}],"replies":[{"embeddable":true,"href":"https:\/\/www.humanenergycorp.com\/es\/wp-json\/wp\/v2\/comments?post=1404"}],"version-history":[{"count":29,"href":"https:\/\/www.humanenergycorp.com\/es\/wp-json\/wp\/v2\/pages\/1404\/revisions"}],"predecessor-version":[{"id":2542,"href":"https:\/\/www.humanenergycorp.com\/es\/wp-json\/wp\/v2\/pages\/1404\/revisions\/2542"}],"wp:attachment":[{"href":"https:\/\/www.humanenergycorp.com\/es\/wp-json\/wp\/v2\/media?parent=1404"}],"curies":[{"name":"wp","href":"https:\/\/api.w.org\/{rel}","templated":true}]}}