{"id":433,"date":"2021-11-14T19:01:37","date_gmt":"2021-11-14T19:01:37","guid":{"rendered":"https:\/\/www.humanenergycorp.com\/?page_id=433"},"modified":"2021-11-16T18:18:51","modified_gmt":"2021-11-16T18:18:51","slug":"contact-us","status":"publish","type":"page","link":"https:\/\/www.humanenergycorp.com\/es\/contact-us\/","title":{"rendered":"Cont\u00e1ctanos"},"content":{"rendered":"<div data-elementor-type=\"wp-page\" data-elementor-id=\"433\" class=\"elementor elementor-433\" data-elementor-post-type=\"page\">\n\t\t\t\t\t\t<section class=\"elementor-section elementor-top-section elementor-element elementor-element-6de0780 elementor-section-height-min-height elementor-section-boxed elementor-section-height-default elementor-section-items-middle\" data-id=\"6de0780\" data-element_type=\"section\" data-settings=\"{&quot;background_background&quot;:&quot;classic&quot;}\">\n\t\t\t\t\t\t<div class=\"elementor-container elementor-column-gap-default\">\n\t\t\t\t\t<div class=\"elementor-column elementor-col-100 elementor-top-column elementor-element elementor-element-ceeb168\" data-id=\"ceeb168\" data-element_type=\"column\">\n\t\t\t<div class=\"elementor-widget-wrap elementor-element-populated\">\n\t\t\t\t\t\t<div class=\"elementor-element elementor-element-d1b250e elementor-widget elementor-widget-heading\" data-id=\"d1b250e\" data-element_type=\"widget\" data-widget_type=\"heading.default\">\n\t\t\t\t<div class=\"elementor-widget-container\">\n\t\t\t\t\t<h2 class=\"elementor-heading-title elementor-size-default\">Cont\u00e1ctanos<\/h2>\t\t\t\t<\/div>\n\t\t\t\t<\/div>\n\t\t\t\t\t<\/div>\n\t\t<\/div>\n\t\t\t\t\t<\/div>\n\t\t<\/section>\n\t\t\t\t<section class=\"elementor-section elementor-top-section elementor-element elementor-element-61120d6 elementor-section-boxed elementor-section-height-default elementor-section-height-default\" data-id=\"61120d6\" data-element_type=\"section\">\n\t\t\t\t\t\t<div class=\"elementor-container elementor-column-gap-default\">\n\t\t\t\t\t<div class=\"elementor-column elementor-col-100 elementor-top-column elementor-element elementor-element-cfea1e0\" data-id=\"cfea1e0\" data-element_type=\"column\">\n\t\t\t<div class=\"elementor-widget-wrap elementor-element-populated\">\n\t\t\t\t\t\t<div class=\"elementor-element elementor-element-5e6d853 elementor-widget elementor-widget-heading\" data-id=\"5e6d853\" data-element_type=\"widget\" data-widget_type=\"heading.default\">\n\t\t\t\t<div class=\"elementor-widget-container\">\n\t\t\t\t\t<h3 class=\"elementor-heading-title elementor-size-default\">\u00a1Vamos a Acercarnos!<\/h3>\t\t\t\t<\/div>\n\t\t\t\t<\/div>\n\t\t\t\t<div class=\"elementor-element elementor-element-778ccbe elementor-widget elementor-widget-text-editor\" data-id=\"778ccbe\" data-element_type=\"widget\" data-widget_type=\"text-editor.default\">\n\t\t\t\t<div class=\"elementor-widget-container\">\n\t\t\t\t\t\t\t\t\t<p>P\u00f3ngase en contacto con <em>Human Energy Sociedad <\/em>de inmediato para comenzar a mejorar su negocio.<\/p><p>Nuestro equipo siempre est\u00e1 aqu\u00ed para ayudarlo. Durante el horario comercial, puede comunicarse con nosotros al:<\/p><p><strong>Tel\u00e9fono: <\/strong>18882847752<\/p><p><strong>Reserve una llamada:<\/strong> fill out this information and one of our specialists will contact you within 24 hours.<\/p>\t\t\t\t\t\t\t\t<\/div>\n\t\t\t\t<\/div>\n\t\t\t\t\t<\/div>\n\t\t<\/div>\n\t\t\t\t\t<\/div>\n\t\t<\/section>\n\t\t\t\t<section class=\"elementor-section elementor-top-section elementor-element elementor-element-db17498 elementor-section-boxed elementor-section-height-default elementor-section-height-default\" data-id=\"db17498\" data-element_type=\"section\">\n\t\t\t\t\t\t<div class=\"elementor-container elementor-column-gap-default\">\n\t\t\t\t\t<div class=\"elementor-column elementor-col-100 elementor-top-column elementor-element elementor-element-7547d8f\" data-id=\"7547d8f\" data-element_type=\"column\">\n\t\t\t<div class=\"elementor-widget-wrap elementor-element-populated\">\n\t\t\t\t\t\t<div class=\"elementor-element elementor-element-09a8e94 elementor-widget elementor-widget-htmega-contactform-addons\" data-id=\"09a8e94\" data-element_type=\"widget\" data-widget_type=\"htmega-contactform-addons.default\">\n\t\t\t\t<div class=\"elementor-widget-container\">\n\t\t\t\t\t            <div class=\"htmega-form-wrapper sid09a8e94 htmega-form-style-1\" >\n                \n<div class=\"wpcf7 no-js\" id=\"wpcf7-f6-o1\" lang=\"en-US\" dir=\"ltr\" data-wpcf7-id=\"6\">\n<div class=\"screen-reader-response\"><p role=\"status\" aria-live=\"polite\" aria-atomic=\"true\"><\/p> <ul><\/ul><\/div>\n<form action=\"\/es\/wp-json\/wp\/v2\/pages\/433#wpcf7-f6-o1\" method=\"post\" class=\"wpcf7-form init\" aria-label=\"Contact form\" novalidate=\"novalidate\" data-status=\"init\" data-trp-original-action=\"\/es\/wp-json\/wp\/v2\/pages\/433#wpcf7-f6-o1\">\n<fieldset class=\"hidden-fields-container\"><input type=\"hidden\" name=\"_wpcf7\" value=\"6\" \/><input type=\"hidden\" name=\"_wpcf7_version\" value=\"6.1.3\" \/><input type=\"hidden\" name=\"_wpcf7_locale\" value=\"en_US\" \/><input type=\"hidden\" name=\"_wpcf7_unit_tag\" value=\"wpcf7-f6-o1\" \/><input type=\"hidden\" name=\"_wpcf7_container_post\" value=\"0\" \/><input type=\"hidden\" name=\"_wpcf7_posted_data_hash\" value=\"\" \/><input type=\"hidden\" name=\"_wpcf7_recaptcha_response\" value=\"\" \/>\n<\/fieldset>\n<p><label> Nombre Completo*<br \/>\n<span class=\"wpcf7-form-control-wrap\" data-name=\"your-name\"><input size=\"40\" maxlength=\"400\" class=\"wpcf7-form-control wpcf7-text wpcf7-validates-as-required\" aria-required=\"true\" aria-invalid=\"false\" value=\"\" type=\"text\" name=\"your-name\" \/><\/span> <\/label>\n<\/p>\n<div class=\"row\">\n\t<div id=\"left-column\">\n\t\t<p><label> Correo Electr\u00f3nico*<br \/>\n<span class=\"wpcf7-form-control-wrap\" data-name=\"your-email\"><input size=\"40\" maxlength=\"400\" class=\"wpcf7-form-control wpcf7-email wpcf7-validates-as-required wpcf7-text wpcf7-validates-as-email\" aria-required=\"true\" aria-invalid=\"false\" value=\"\" type=\"email\" name=\"your-email\" \/><\/span> <\/label>\n\t\t<\/p>\n\t<\/div>\n\t<div id=\"right-column\">\n\t\t<p><label> Tel\u00e9fono*<br \/>\n<span class=\"wpcf7-form-control-wrap\" data-name=\"phone-number\"><input size=\"40\" maxlength=\"400\" class=\"wpcf7-form-control wpcf7-tel wpcf7-validates-as-required wpcf7-text wpcf7-validates-as-tel\" aria-required=\"true\" aria-invalid=\"false\" value=\"\" type=\"tel\" name=\"phone-number\" \/><\/span> <\/label>\n\t\t<\/p>\n\t<\/div>\n<\/div>\n<p><label> Industria* <\/label><br \/>\n<span class=\"wpcf7-form-control-wrap\" data-name=\"industry\"><select class=\"wpcf7-form-control wpcf7-select wpcf7-validates-as-required\" aria-required=\"true\" aria-invalid=\"false\" name=\"industry\"><option value=\"Agriculture\">Agricultura<\/option><option value=\"Aviation\">Aviaci\u00f3n<\/option><option value=\"Banking\">Banca<\/option><option value=\"Commercial\">Comercial<\/option><option value=\"Construction\">Construcci\u00f3n<\/option><option value=\"Corrections\">Correcciones<\/option><option value=\"E-Learning &amp; Education\">E-Learning &amp; Education<\/option><option value=\"Energy &amp; Utilities\">Energy &amp; Utilities<\/option><option value=\"Environmental Management\">Gesti\u00f3n medioambiental<\/option><option value=\"Finance\">Finance<\/option><option value=\"Food &amp; Beverage\">Food &amp; Beverage<\/option><option value=\"Healthcare\">Atenci\u00f3n m\u00e9dica<\/option><option value=\"Heavy Industry\">Industria pesada<\/option><option value=\"Hospitality &amp; Travel\">Hospitality &amp; Travel<\/option><option value=\"Human Capital Management (HCM)\">Human Capital Management (HCM)<\/option><option value=\"Legal\">Legal<\/option><option value=\"Lending\">Pr\u00e9stamos<\/option><option value=\"Media &amp; Entertainment\">Media &amp; Entertainment<\/option><option value=\"Meetings &amp; Events\">Meetings &amp; Events<\/option><option value=\"Nonprofit\">Sin fines de lucro<\/option><option value=\"Oil &amp; Gas\">Oil &amp; Gas<\/option><option value=\"Payments\">Pagos<\/option><option value=\"Political Campaigns\">Campa\u00f1as pol\u00edticas<\/option><option value=\"Retail\">Minorista<\/option><option value=\"Sports\">Deportes<\/option><option value=\"Supply Chain\">Cadena de suministro<\/option><option value=\"Telecommunications\">Telecomunicaciones<\/option><option value=\"Transportation\">Transporte<\/option><\/select><\/span>\n<\/p>\n<p><label> Servicio* <\/label><br \/>\n<span class=\"wpcf7-form-control-wrap\" data-name=\"service\"><select class=\"wpcf7-form-control wpcf7-select wpcf7-validates-as-required\" aria-required=\"true\" aria-invalid=\"false\" name=\"service\"><option value=\"Custom Software Services\">Servicios de Software Personalizados<\/option><option value=\"API Development\">Desarrollo de API<\/option><option value=\"Application Development\">Desarrollo de aplicaciones<\/option><option value=\"Application Maintenance\">Mantenimiento de aplicaciones<\/option><option value=\"Backup &amp; Disaster Recovery\">Copia de seguridad y Recuperaci\u00f3n ante desastres<\/option><option value=\"DevOps\">DevOps<\/option><option value=\"Implementation &amp; Deployment\">Implementation &amp; Deployment<\/option><option value=\"Infrastructure Support\">Soporte de infraestructura<\/option><option value=\"Migrations &amp; Upgrades\">Migrations &amp; Upgrades<\/option><option value=\"Product Lifecycle Management (PLM)\">Gesti\u00f3n del ciclo de vida del producto (PLM)<\/option><option value=\"Quality Assurance (QA Testing)\">Control de calidad (pruebas de control de calidad)<\/option><option value=\"SLA Support\">Soporte de SLA<\/option><option value=\"Software Security\">Seguridad del software<\/option><option value=\"Startup &amp; MVP Services\">Startup &amp; MVP Services<\/option><option value=\"Systems Integration\">Integraci\u00f3n de sistemas<\/option><\/select><\/span>\n<\/p>\n<p><label> \u00bfC\u00f3mo podemos ayudarte?*<br \/>\n<span class=\"wpcf7-form-control-wrap\" data-name=\"message\"><textarea cols=\"40\" rows=\"10\" maxlength=\"2000\" class=\"wpcf7-form-control wpcf7-textarea wpcf7-validates-as-required\" aria-required=\"true\" aria-invalid=\"false\" name=\"message\"><\/textarea><\/span> <\/label>\n<\/p>\n<p><span class=\"wpcf7-form-control-wrap\" data-name=\"agreement\"><span class=\"wpcf7-form-control wpcf7-acceptance optional\"><span class=\"wpcf7-list-item\"><label><input type=\"checkbox\" name=\"agreement\" value=\"1\" id=\"agreement\" aria-invalid=\"false\" \/><span class=\"wpcf7-list-item-label\">Acepto recibir informaci\u00f3n de Human Energy, incluidos correos electr\u00f3nicos promocionales y llamadas, al ingresar esta informaci\u00f3n. Por favor revise nuestra Pol\u00edtica de Privacidad para obtener m\u00e1s informaci\u00f3n sobre Human Energy. La Sociedad de Responsabilidad Limitada trata su informaci\u00f3n personal.<\/span><\/label><\/span><\/span><\/span>\n<\/p>\n<span class=\"wpcf7-form-control-wrap recaptcha\" data-name=\"recaptcha\"><span data-sitekey=\"6Le5cTgdAAAAAN7Nk-jJuD1NrBm_5qi9cAukCVWA\" class=\"wpcf7-form-control wpcf7-recaptcha g-recaptcha\"><\/span>\r\n<noscript>\r\n\t<div class=\"grecaptcha-noscript\">\r\n\t\t<iframe src=\"https:\/\/www.google.com\/recaptcha\/api\/fallback?k=6Le5cTgdAAAAAN7Nk-jJuD1NrBm_5qi9cAukCVWA\" frameborder=\"0\" scrolling=\"no\" width=\"310\" height=\"430\">\r\n\t\t<\/iframe>\r\n\t\t<textarea name=\"g-recaptcha-response\" rows=\"3\" cols=\"40\" placeholder=\"reCaptcha Response Here\">\r\n\t\t<\/textarea>\r\n\t<\/div>\r\n<\/noscript>\r\n<\/span>\n<p><input class=\"wpcf7-form-control wpcf7-submit has-spinner\" type=\"submit\" value=\"Enviar\" \/>\n<\/p><div class=\"wpcf7-response-output\" aria-hidden=\"true\"><\/div>\n<input type=\"hidden\" name=\"trp-form-language\" value=\"es\"\/><\/form>\n<\/div>\n            <\/div>\n\n\n        \t\t\t\t<\/div>\n\t\t\t\t<\/div>\n\t\t\t\t\t<\/div>\n\t\t<\/div>\n\t\t\t\t\t<\/div>\n\t\t<\/section>\n\t\t\t\t<\/div>","protected":false},"excerpt":{"rendered":"<p>Contact Us Let\u2019s bond Get in contact with Human Energy immediately to begin enhancing your business. Our team is always here to assist you. During business hours, you may reach us at: Phone: 18882847752 Book a call: fill out this information and one of our specialists will contact you within 24 hours. Full Name* Email*&hellip; <a class=\"more-link\" href=\"https:\/\/www.humanenergycorp.com\/es\/contact-us\/\">Seguir leyendo <span class=\"screen-reader-text\">Cont\u00e1ctanos<\/span><\/a><\/p>","protected":false},"author":123,"featured_media":0,"parent":0,"menu_order":0,"comment_status":"closed","ping_status":"closed","template":"elementor_header_footer","meta":{"footnotes":""},"class_list":["post-433","page","type-page","status-publish","hentry","entry"],"_links":{"self":[{"href":"https:\/\/www.humanenergycorp.com\/es\/wp-json\/wp\/v2\/pages\/433","targetHints":{"allow":["GET"]}}],"collection":[{"href":"https:\/\/www.humanenergycorp.com\/es\/wp-json\/wp\/v2\/pages"}],"about":[{"href":"https:\/\/www.humanenergycorp.com\/es\/wp-json\/wp\/v2\/types\/page"}],"author":[{"embeddable":true,"href":"https:\/\/www.humanenergycorp.com\/es\/wp-json\/wp\/v2\/users\/123"}],"replies":[{"embeddable":true,"href":"https:\/\/www.humanenergycorp.com\/es\/wp-json\/wp\/v2\/comments?post=433"}],"version-history":[{"count":19,"href":"https:\/\/www.humanenergycorp.com\/es\/wp-json\/wp\/v2\/pages\/433\/revisions"}],"predecessor-version":[{"id":1556,"href":"https:\/\/www.humanenergycorp.com\/es\/wp-json\/wp\/v2\/pages\/433\/revisions\/1556"}],"wp:attachment":[{"href":"https:\/\/www.humanenergycorp.com\/es\/wp-json\/wp\/v2\/media?parent=433"}],"curies":[{"name":"wp","href":"https:\/\/api.w.org\/{rel}","templated":true}]}}